{"id":2756,"date":"2024-02-22T21:43:59","date_gmt":"2024-02-22T21:43:59","guid":{"rendered":"https:\/\/bellalingua.com\/?page_id=2756"},"modified":"2024-02-22T21:43:59","modified_gmt":"2024-02-22T21:43:59","slug":"termos","status":"publish","type":"page","link":"https:\/\/bellalingua.com\/pt\/termos\/","title":{"rendered":"Termos e Condi\u00e7\u00f5es"},"content":{"rendered":"<h1 class=\"wp-block-heading\"><strong>Termos e Condi\u00e7\u00f5es Gerais do Bella Lingua<\/strong><\/h1>\n\n\n\n<ol class=\"wp-block-list\">\n<li><strong>Escopo<\/strong>\n<ol class=\"wp-block-list\">\n<li>Estes Termos e Condi\u00e7\u00f5es Gerais se aplicam ao relacionamento entre voc\u00ea, o usu\u00e1rio (\u201cusu\u00e1rio\u201d), e Bella Lingua (\u201cprovedor\u201d) para todos os tipos de uso de nossos servi\u00e7os gratuitos e pagos no site bellalingua.com, como assist\u00eancia por escrito ( \u201cServi\u00e7os\u201d) fornecidos atrav\u00e9s de bellalingua.com e bellalingua.com.<\/li>\n\n\n\n<li>O provedor reserva-se o direito de alterar, complementar ou adaptar estes termos (https:\/\/bellalingua.com\/legal\/terms) a qualquer momento.<\/li>\n\n\n\n<li>O provedor oferece servi\u00e7os ao usu\u00e1rio sob a condi\u00e7\u00e3o de que o usu\u00e1rio concorde com estes termos e condi\u00e7\u00f5es. O usu\u00e1rio n\u00e3o tem direito de usar os servi\u00e7os gratuitos.<\/li>\n<\/ol>\n<\/li>\n\n\n\n<li><strong>Servi\u00e7os<\/strong>\n<ol class=\"wp-block-list\">\n<li>O provedor oferece ao usu\u00e1rio servi\u00e7os gratuitos e pagos no site bellalingua.com.<\/li>\n\n\n\n<li>Estes servi\u00e7os gratuitos s\u00e3o acess\u00edveis gratuitamente, mas devem ser observados os seguintes termos de utiliza\u00e7\u00e3o. O registro \u00e9 necess\u00e1rio para utilizar os servi\u00e7os e conte\u00fados gratuitos (\u201cvers\u00e3o b\u00e1sica\u201d). Para determinados servi\u00e7os, s\u00e3o necess\u00e1rias informa\u00e7\u00f5es adicionais de registro para obter funcionalidades adicionais (\u201cvers\u00e3o de login\u201d). Servi\u00e7os adicionais est\u00e3o dispon\u00edveis mediante pagamento (\u201cvers\u00e3o premium\u201d).<\/li>\n\n\n\n<li>Podem surgir custos para a utiliza\u00e7\u00e3o da Internet pelo utilizador, por exemplo, para o fornecedor de Internet. Estes custos ser\u00e3o suportados exclusivamente pelo utilizador; n\u00e3o pelo provedor.<\/li>\n\n\n\n<li>O fornecedor reserva-se o direito de fazer atualiza\u00e7\u00f5es e novas vers\u00f5es do software continuamente e sem aviso pr\u00e9vio. O fornecedor \u00e9 livre na concep\u00e7\u00e3o dos conte\u00fados e a qualquer momento tem o direito de alterar, restringir, descontinuar ou ampliar os servi\u00e7os gratuitos oferecidos.<\/li>\n<\/ol>\n<\/li>\n\n\n\n<li><strong>Acesso aos servi\u00e7os<\/strong>\n<ol class=\"wp-block-list\">\n<li>O prestador n\u00e3o garante a disponibilidade permanente e ininterrupta dos servi\u00e7os.<\/li>\n\n\n\n<li>Os servi\u00e7os s\u00e3o atualizados em intervalos regulares. No entanto, o usu\u00e1rio n\u00e3o tem direito a uma atualiza\u00e7\u00e3o. O fornecedor reserva-se o direito de restringir o hor\u00e1rio de funcionamento por raz\u00f5es t\u00e9cnicas ou de suspender o funcionamento por um per\u00edodo tempor\u00e1rio. O prestador reserva-se o direito de efetuar altera\u00e7\u00f5es t\u00e9cnicas nos servi\u00e7os de qualquer natureza, nomeadamente, se forem necess\u00e1rias por for\u00e7a de disposi\u00e7\u00f5es legais obrigat\u00f3rias.<\/li>\n<\/ol>\n<\/li>\n\n\n\n<li><strong>Utiliza\u00e7\u00e3o dos servi\u00e7os gratuitos<\/strong>\n<ol class=\"wp-block-list\">\n<li>A utiliza\u00e7\u00e3o dos servi\u00e7os gratuitos oferecidos em bellalingua.com s\u00f3 \u00e9 permitida para uso privado. A incorpora\u00e7\u00e3o dos servi\u00e7os em outros sites n\u00e3o \u00e9 permitida.<\/li>\n\n\n\n<li>Todos os conte\u00fados dos servi\u00e7os oferecidos, em particular imagens, textos e gr\u00e1ficos, s\u00e3o, salvo indica\u00e7\u00e3o em contr\u00e1rio, protegidos por direitos autorais.<\/li>\n\n\n\n<li>No \u00e2mbito da \u201cVers\u00e3o Login\u201d, o fornecedor utiliza neste contexto textos armazenados para aprendizagem autom\u00e1tica, o que se destina a melhorar os servi\u00e7os. O aprendizado de m\u00e1quina \u00e9 usado principalmente para melhorar as fun\u00e7\u00f5es de verifica\u00e7\u00e3o e tradu\u00e7\u00e3o de texto. \u201cOs Dados de Uso e o Conte\u00fado do Cliente podem ser usados para desenvolver, treinar ou aprimorar modelos de intelig\u00eancia artificial ou de aprendizado de m\u00e1quina que fazem parte dos produtos e servi\u00e7os do Provedor, incluindo componentes de terceiros do Produto, e o Cliente autoriza o Provedor a processar seus Dados de Uso e Conte\u00fado do Cliente para tais fins. No entanto, (a) os Dados de Uso e o Conte\u00fado do Cliente devem ser agregados antes de poderem ser usados para esses fins, e (b) o Provedor usar\u00e1 esfor\u00e7os comercialmente razo\u00e1veis consistentes com a tecnologia padr\u00e3o do setor para desidentificar os Dados de Uso e o Conte\u00fado do Cliente antes de tal uso. . Nada nesta se\u00e7\u00e3o reduzir\u00e1 ou limitar\u00e1 as obriga\u00e7\u00f5es do Provedor em rela\u00e7\u00e3o aos Dados Pessoais que possam estar contidos nos Dados de Uso ou no Conte\u00fado do Cliente de acordo com as Leis de Prote\u00e7\u00e3o de Dados Aplic\u00e1veis. Devido \u00e0 natureza da intelig\u00eancia artificial e do aprendizado de m\u00e1quina, as informa\u00e7\u00f5es geradas por esses recursos podem ser incorretas ou imprecisas. Os recursos do produto que incluem intelig\u00eancia artificial ou modelos de aprendizado de m\u00e1quina n\u00e3o s\u00e3o humanos e n\u00e3o substituem a supervis\u00e3o humana.<\/li>\n<\/ol>\n<\/li>\n\n\n\n<li><strong>Garantia e responsabilidade do fornecedor<\/strong>\n<ol class=\"wp-block-list\">\n<li>O fornecedor n\u00e3o garante a precis\u00e3o, rapidez, integridade, confiabilidade e pontualidade dos servi\u00e7os prestados. Em particular, o usu\u00e1rio aceita que o exame dos textos quanto a erros estil\u00edsticos, ortogr\u00e1ficos e gramaticais \u00e9 incompleto. O utilizador aceita ainda que possam existir alarmes falsos, ou seja, que os servi\u00e7os possam identificar como incorretos trechos de texto que sejam efetivamente corretos ou n\u00e3o identifiquem textos que estejam corretos que estejam incorretos.<\/li>\n<\/ol>\n<\/li>\n\n\n\n<li><strong>Comportamento do usu\u00e1rio<\/strong>\n<ol class=\"wp-block-list\">\n<li>A utiliza\u00e7\u00e3o dos servi\u00e7os do fornecedor n\u00e3o deve estar em contradi\u00e7\u00e3o com estes termos e condi\u00e7\u00f5es. Al\u00e9m disso, o usu\u00e1rio n\u00e3o poder\u00e1 fazer uso indevido dos servi\u00e7os gratuitos e dever\u00e1 respeitar as leis aplic\u00e1veis, bem como os direitos de terceiros.<\/li>\n\n\n\n<li>As viola\u00e7\u00f5es destes termos e das obriga\u00e7\u00f5es do usu\u00e1rio podem, entre outras coisas, levar \u00e0 responsabilidade do usu\u00e1rio por danos.<\/li>\n\n\n\n<li>O usu\u00e1rio dever\u00e1 indenizar o provedor de todas as reclama\u00e7\u00f5es de terceiros que as fa\u00e7am contra o provedor devido \u00e0 viola\u00e7\u00e3o de seus direitos por a\u00e7\u00f5es do usu\u00e1rio. Al\u00e9m disso, o utilizador \u00e9 obrigado a compensar o fornecedor por todos os danos e despesas razo\u00e1veis incorridas pelo fornecedor em rela\u00e7\u00e3o a uma viola\u00e7\u00e3o de direitos por parte do utilizador, em particular tamb\u00e9m devido a reclama\u00e7\u00f5es de terceiros. Isto tamb\u00e9m inclui os custos de uma defesa legal adequada do fornecedor.<\/li>\n\n\n\n<li>N\u00e3o \u00e9 permitido oferecer publicamente qualquer vers\u00e3o do servi\u00e7o (por exemplo, revenda). O fornecedor pode oferecer uma exce\u00e7\u00e3o a esta limita\u00e7\u00e3o por escrito.<\/li>\n\n\n\n<li>N\u00e3o \u00e9 permitida a utiliza\u00e7\u00e3o dos servi\u00e7os para criar um produto concorrente na \u00e1rea de estilo, gram\u00e1tica, tradu\u00e7\u00e3o ou assist\u00eancia de reda\u00e7\u00e3o.<\/li>\n<\/ol>\n<\/li>\n\n\n\n<li><strong>Prote\u00e7\u00e3o de dados<\/strong>\n<ol class=\"wp-block-list\">\n<li>O fornecedor est\u00e1 ciente de que o tratamento cuidadoso dos dados pessoais dos utilizadores \u00e9 muito importante. O fornecedor esfor\u00e7a-se por garantir sempre um tratamento cuidadoso dos dados pessoais.<\/li>\n\n\n\n<li>A pol\u00edtica de privacidade do provedor pode ser encontrada em <a href=\"https:\/\/languagetool.org\/legal\/privacy\">https:\/\/bellalingua.com\/legal\/privacy<\/a><\/li>\n<\/ol>\n<\/li>\n\n\n\n<li><strong>Informa\u00e7\u00f5es gerais<\/strong>\n<ol class=\"wp-block-list\">\n<li>Caso disposi\u00e7\u00f5es individuais dos Termos e Condi\u00e7\u00f5es Gerais sejam inv\u00e1lidas ou inexequ\u00edveis ou caso se tornem inv\u00e1lidas ou inexequ\u00edveis, a validade dos Termos e Condi\u00e7\u00f5es Gerais permanecer\u00e1 inalterada. A disposi\u00e7\u00e3o inv\u00e1lida ou inexequ\u00edvel ser\u00e1 substitu\u00edda por uma disposi\u00e7\u00e3o v\u00e1lida e exequ\u00edvel que cumpra os termos e condi\u00e7\u00f5es na sua totalidade, bem como os termos e condi\u00e7\u00f5es gerais de neg\u00f3cio.<\/li>\n\n\n\n<li>A lei do estado de Nevada, EUA, aplica-se exclusivamente.<\/li>\n<\/ol>\n<\/li>\n<\/ol>","protected":false},"excerpt":{"rendered":"<p>Termos e Condi\u00e7\u00f5es Gerais do Bella Lingua<\/p>","protected":false},"author":1,"featured_media":0,"parent":0,"menu_order":0,"comment_status":"closed","ping_status":"open","template":"","meta":{"pmpro_default_level":"","footnotes":""},"class_list":{"0":"post-2756","1":"page","2":"type-page","3":"status-publish","5":"pmpro-has-access"},"_links":{"self":[{"href":"https:\/\/bellalingua.com\/pt\/wp-json\/wp\/v2\/pages\/2756","targetHints":{"allow":["GET"]}}],"collection":[{"href":"https:\/\/bellalingua.com\/pt\/wp-json\/wp\/v2\/pages"}],"about":[{"href":"https:\/\/bellalingua.com\/pt\/wp-json\/wp\/v2\/types\/page"}],"author":[{"embeddable":true,"href":"https:\/\/bellalingua.com\/pt\/wp-json\/wp\/v2\/users\/1"}],"replies":[{"embeddable":true,"href":"https:\/\/bellalingua.com\/pt\/wp-json\/wp\/v2\/comments?post=2756"}],"version-history":[{"count":1,"href":"https:\/\/bellalingua.com\/pt\/wp-json\/wp\/v2\/pages\/2756\/revisions"}],"predecessor-version":[{"id":2758,"href":"https:\/\/bellalingua.com\/pt\/wp-json\/wp\/v2\/pages\/2756\/revisions\/2758"}],"wp:attachment":[{"href":"https:\/\/bellalingua.com\/pt\/wp-json\/wp\/v2\/media?parent=2756"}],"curies":[{"name":"wp","href":"https:\/\/api.w.org\/{rel}","templated":true}]}}