{"id":2270,"date":"2021-01-05T16:47:58","date_gmt":"2021-01-05T21:47:58","guid":{"rendered":"https:\/\/gpsites.co\/search\/?page_id=7"},"modified":"2024-05-17T16:55:00","modified_gmt":"2024-05-17T16:55:00","slug":"lar","status":"publish","type":"page","link":"https:\/\/bellalingua.com\/pt\/","title":{"rendered":"Lar"},"content":{"rendered":"<div class=\"gb-container gb-container-c1f1455e\">\n<div class=\"gb-container gb-container-07146b05\">\n<div class=\"gb-container gb-container-a9445b77\">\n\n<h1 class=\"gb-headline gb-headline-6758775c gb-headline-text\">Escreva um ingl\u00eas perfeito.<\/h1>\n\n\n\n<p>A IA do Bella Lingua ajuda voc\u00ea a escrever um ingl\u00eas bonito e profissional para e-mails, relat\u00f3rios e muito mais.<\/p>\n\n\n\n<a class=\"gb-button gb-button-03be1ffa gb-button-text button\" href=\"https:\/\/bellalingua.com\/pt\/demonstracao\/\">Experimente agora: gr\u00e1tis<\/a>\n\n<\/div>\n\n<div class=\"gb-container gb-container-b646afd2\">\n<div class=\"wp-block-image is-resized\">\n<figure class=\"aligncenter size-full\"><img loading=\"lazy\" decoding=\"async\" width=\"831\" height=\"712\" src=\"http:\/\/qcc.ldj.mybluehost.me\/bellalingua.com\/wp-content\/uploads\/2024\/01\/undraw_mobile_messages_re_yx8w.png\" alt=\"\" class=\"wp-image-2477\" srcset=\"https:\/\/bellalingua.com\/wp-content\/uploads\/2024\/01\/undraw_mobile_messages_re_yx8w.png 831w, https:\/\/bellalingua.com\/wp-content\/uploads\/2024\/01\/undraw_mobile_messages_re_yx8w-300x257.png 300w, https:\/\/bellalingua.com\/wp-content\/uploads\/2024\/01\/undraw_mobile_messages_re_yx8w-768x658.png 768w, https:\/\/bellalingua.com\/wp-content\/uploads\/2024\/01\/undraw_mobile_messages_re_yx8w-14x12.png 14w\" sizes=\"auto, (max-width: 831px) 100vw, 831px\" \/><\/figure><\/div>\n<\/div>\n<\/div>\n<div class=\"gb-shapes\"><div class=\"gb-shape gb-shape-1\"><svg xmlns=\"http:\/\/www.w3.org\/2000\/svg\" viewbox=\"0 0 1200 100\" preserveaspectratio=\"none\"><path d=\"M1200 100H0V0l400 77.2L1200 0z\"\/><\/svg><\/div><\/div><\/div>\n\n<div class=\"gb-container gb-container-4be02b6a\" id=\"works\">\n<div class=\"gb-container gb-container-aeb0c06f\">\n<div class=\"gb-container gb-container-50c092b4\"><\/div>\n\n<div class=\"gb-container gb-container-b733da9b\">\n\n<h2 class=\"gb-headline gb-headline-18b900c7 gb-headline-text\">Escreva um ingl\u00eas perfeito <\/h2>\n\n\n\n<p>Bella Lingua \u00e9 93% mais preciso que a tradu\u00e7\u00e3o autom\u00e1tica. Impulsione sua carreira com e-mails, apresenta\u00e7\u00f5es e relat\u00f3rios profissionais bem escritos:<\/p>\n\n\n\n<ol class=\"wp-block-list\">\n<li>Digite a frase em <strong>seu<\/strong> linguagem<\/li>\n\n\n\n<li>Bellalingua reescreve sua frase para produzir um ingl\u00eas excelente (a IA sabe quais frases s\u00e3o traduzidas perfeitamente e quais n\u00e3o)<\/li>\n\n\n\n<li>Escolha a frase mais bem reescrita no seu idioma<\/li>\n\n\n\n<li>Insira ingl\u00eas em seu documento<br><\/li>\n<\/ol>\n\n<\/div>\n<\/div>\n<\/div>\n\n<div class=\"gb-container gb-container-efb08b12\">\n<div class=\"gb-container gb-container-8ffc517d\">\n<div class=\"gb-grid-wrapper gb-grid-wrapper-783f5227\">\n<div class=\"gb-grid-column gb-grid-column-63f9a1f5\"><div class=\"gb-container gb-container-63f9a1f5\">\n\n<h3 class=\"gb-headline gb-headline-69c991a9\"><span class=\"gb-icon\"><svg viewbox=\"0 0 50 50\" xmlns=\"http:\/\/www.w3.org\/2000\/svg\"><path fill=\"url(#a)\" d=\"M28.448 39.331c6.001 0 10.883-4.882 10.883-10.883 0-6.001-4.882-10.883-10.883-10.883s-10.883 4.882-10.883 10.883c0 1.746.416 3.396 1.149 4.86L7.906 44.116a3.424 3.424 0 00-1.01 2.437c0 .921.359 1.786 1.009 2.437a3.435 3.435 0 002.437 1.008c.883 0 1.765-.336 2.437-1.008l10.809-10.809a10.816 10.816 0 004.86 1.15zm0-20.109c5.087 0 9.225 4.139 9.225 9.225 0 5.087-4.139 9.225-9.225 9.225s-9.225-4.138-9.225-9.225c0-5.086 4.138-9.225 9.225-9.225zm-16.84 28.596a1.792 1.792 0 01-2.53 0 1.777 1.777 0 01-.524-1.265c0-.478.186-.927.524-1.265l10.519-10.52a10.967 10.967 0 002.53 2.53l-10.519 10.52zm10.32-19.371a6.528 6.528 0 016.52-6.52.829.829 0 110 1.658 4.868 4.868 0 00-4.863 4.863.829.829 0 11-1.657-.001zM50 27.199v2.555a.829.829 0 01-.527.772l-4.133 1.618a17.404 17.404 0 01-.434 1.612l2.76 3.455a.828.828 0 01.07.932l-1.278 2.213a.828.828 0 01-.842.405l-4.393-.666c-.373.409-.767.802-1.178 1.174l.664 4.378a.83.83 0 01-.405.842l-2.213 1.278a.828.828 0 01-.932-.07l-3.467-2.77c-.529.168-1.068.311-1.612.427l-1.613 4.12a.823.823 0 01-.769.526h-2.555a.83.83 0 01-.772-.527l-1.618-4.133a16.91 16.91 0 01-2.051-.582.827.827 0 11.551-1.563c.733.258 1.495.463 2.262.609.28.053.514.247.617.512l1.576 4.026h1.424l1.572-4.015a.827.827 0 01.62-.513c.768-.143 1.53-.345 2.264-.6a.83.83 0 01.79.135l3.376 2.698 1.233-.712-.647-4.266a.827.827 0 01.28-.753 15.845 15.845 0 001.657-1.651.828.828 0 01.751-.277l4.278.649.712-1.233-2.689-3.366a.83.83 0 01-.134-.793c.258-.733.463-1.494.609-2.262a.83.83 0 01.512-.617l4.026-1.576v-1.424l-4.015-1.572a.827.827 0 01-.513-.62 15.586 15.586 0 00-.6-2.264.83.83 0 01.135-.79l2.698-3.377-.712-1.233-4.266.647a.828.828 0 01-.753-.28 15.749 15.749 0 00-1.651-1.657.828.828 0 01-.277-.751l.649-4.279-1.233-.712-3.366 2.689a.825.825 0 01-.793.134 15.623 15.623 0 00-2.262-.609.83.83 0 01-.617-.512L29.19 8.554h-1.424l-1.572 4.015a.827.827 0 01-.62.513c-.768.143-1.53.345-2.264.6a.828.828 0 01-.79-.135l-3.377-2.698-1.233.712.647 4.266a.827.827 0 01-.28.753 15.749 15.749 0 00-1.657 1.651.828.828 0 01-.751.277l-4.279-.648-.712 1.233 2.689 3.366a.83.83 0 01.134.793 15.533 15.533 0 00-.609 2.263.83.83 0 01-.512.617l-4.026 1.576v1.424l4.015 1.572a.83.83 0 01.513.62c.143.769.345 1.53.6 2.264a.829.829 0 01-1.565.545 17.245 17.245 0 01-.573-2.051l-4.12-1.613a.829.829 0 01-.527-.772v-2.555c0-.341.209-.648.527-.772l4.133-1.618a17.32 17.32 0 01.434-1.612l-2.76-3.455a.828.828 0 01-.07-.932l1.278-2.213a.831.831 0 01.842-.405l4.393.666c.373-.409.767-.802 1.178-1.173l-.664-4.379a.83.83 0 01.405-.842l2.213-1.278a.83.83 0 01.932.07l3.467 2.77a17.142 17.142 0 011.612-.427l1.613-4.12a.829.829 0 01.772-.527h2.555a.83.83 0 01.772.527l1.618 4.133a17.49 17.49 0 011.612.434l3.455-2.76a.828.828 0 01.932-.07l2.213 1.278a.83.83 0 01.405.842l-.666 4.393c.409.373.802.767 1.174 1.178l4.378-.664a.83.83 0 01.842.405l1.278 2.213a.83.83 0 01-.07.932l-2.77 3.467c.168.528.311 1.068.427 1.612l4.12 1.613c.314.123.523.43.523.771z\"><\/path><\/svg><\/span><span class=\"gb-headline-text\">Avance sua carreira<\/span><\/h3>\n\n\n\n<p class=\"has-text-align-center\">Bella Lingua ir\u00e1 ajud\u00e1-lo a criar e-mails que transmitam sua mensagem com precis\u00e3o e impressionem seu p\u00fablico.<\/p>\n\n<\/div><\/div>\n\n<div class=\"gb-grid-column gb-grid-column-fa2cfd26\"><div class=\"gb-container gb-container-fa2cfd26\">\n\n<h3 class=\"gb-headline gb-headline-57b18c12\"><span class=\"gb-icon\"><svg xmlns=\"http:\/\/www.w3.org\/2000\/svg\" viewbox=\"0 0 50 50\"><path d=\"M8.683 49.107a.893.893 0 01-1.786 0V7.79c0-.493.4-.893.893-.893h41.317c.493 0 .893.4.893.893v41.317a.893.893 0 01-1.786 0V8.683H8.683v40.424zM43.747 11.81c-.739 0-1.34.601-1.34 1.34 0 .739.601 1.34 1.34 1.34.739 0 1.34-.601 1.34-1.34 0-.739-.601-1.34-1.34-1.34zm-3.967 1.34c0-.739-.601-1.34-1.34-1.34s-1.34.601-1.34 1.34c0 .739.601 1.34 1.34 1.34s1.34-.601 1.34-1.34zm-5.307 0c0-.739-.601-1.34-1.34-1.34-.739 0-1.34.601-1.34 1.34 0 .739.601 1.34 1.34 1.34.739 0 1.34-.601 1.34-1.34zM12.257 34.751v-10.72c0-.493.4-.893.893-.893h16.581c.493 0 .893.4.893.893v10.72c0 .493-.4.893-.893.893H13.15a.893.893 0 01-.893-.893zm1.786-.894h14.794v-8.933H14.043v8.933zm29.704-10.72h-9.549a.893.893 0 000 1.786h9.549a.893.893 0 000-1.786zm-21.048-10.88H13.15a.893.893 0 000 1.786h9.549a.893.893 0 000-1.786zm21.048 16.24h-9.549a.893.893 0 000 1.786h9.549a.893.893 0 000-1.786zm0 5.36h-9.549a.893.893 0 000 1.786h9.549a.893.893 0 000-1.786zm0 5.36H13.15a.893.893 0 000 1.786h30.597a.893.893 0 000-1.786zm0 5.36H13.15a.893.893 0 000 1.786h30.597a.893.893 0 000-1.786z\" fill=\"url(#a)\"><\/path><\/svg><\/span><span class=\"gb-headline-text\">Escreva mais r\u00e1pido, obtenha mais<\/span><\/h3>\n\n\n\n<p class=\"has-text-align-center\">Concentre-se em suas tarefas principais e passe menos tempo se preocupando com erros de linguagem.<\/p>\n\n<\/div><\/div>\n\n<div class=\"gb-grid-column gb-grid-column-25a6e401\"><div class=\"gb-container gb-container-25a6e401\">\n\n<h3 class=\"gb-headline gb-headline-09f0190b\"><span class=\"gb-icon\"><svg xmlns=\"http:\/\/www.w3.org\/2000\/svg\" viewbox=\"0 0 50 50\"><path d=\"M17.962 12.38v6.015a.832.832 0 01-.836.829.832.832 0 01-.836-.829V12.38c0-2.11-1.732-3.826-3.86-3.826S8.57 10.27 8.57 12.38v6.839c0 2.11 1.732 3.826 3.86 3.826.462 0 .836.371.836.829a.832.832 0 01-.836.829c-3.051 0-5.533-2.46-5.533-5.484V12.38c0-3.024 2.482-5.484 5.533-5.484s5.532 2.461 5.532 5.484zm-5.533 7.165c-.462 0-.836.371-.836.829s.374.829.836.829c2.128 0 3.86 1.716 3.86 3.826v6.015c0 .458.374.829.836.829a.832.832 0 00.836-.829v-6.015c.001-3.024-2.481-5.484-5.532-5.484zm0 17.806a.832.832 0 00.836-.829.832.832 0 00-.836-.829c-2.128 0-3.86-1.716-3.86-3.826v-6.221a.832.832 0 00-.836-.829.832.832 0 00-.836.829v6.221c0 3.024 2.482 5.484 5.532 5.484zm0-5.158c-.462 0-.836.371-.836.829s.374.829.836.829c2.128 0 3.86 1.716 3.86 3.826v6.839c0 2.11-1.732 3.826-3.86 3.826s-3.86-1.716-3.86-3.826v-6.221a.832.832 0 00-.836-.829.832.832 0 00-.836.829v6.221C6.897 47.54 9.379 50 12.429 50s5.533-2.46 5.533-5.484v-6.839c0-3.024-2.482-5.484-5.533-5.484zm36.735-.217h-7.288c-.462 0-.836.371-.836.829s.374.829.836.829h6.452v14.709H25.174v-14.71h6.452c.462 0 .836-.371.836-.829s-.374-.829-.836-.829h-7.288a.832.832 0 00-.836.829v16.367c0 .458.374.829.836.829h24.826a.832.832 0 00.836-.829V32.805a.832.832 0 00-.836-.829zm0-25.079H24.337a.832.832 0 00-.836.829v16.366c0 .458.374.829.836.829h7.288c.462 0 .836-.371.836-.829s-.374-.829-.836-.829h-6.452V8.554h23.154v14.709h-6.452c-.462 0-.836.371-.836.829s.374.829.836.829h7.288a.832.832 0 00.836-.829V7.725a.83.83 0 00-.835-.828zM36.75 22.921a1.25 1.25 0 001.254-1.243c0-.686-.563-1.243-1.254-1.243s-1.254.558-1.254 1.243a1.25 1.25 0 001.254 1.243zm0 6.79a1.25 1.25 0 001.254-1.243c0-.686-.563-1.243-1.254-1.243s-1.254.558-1.254 1.243a1.25 1.25 0 001.254 1.243zm0 6.79c.692 0 1.254-.558 1.254-1.243s-.563-1.243-1.254-1.243-1.254.558-1.254 1.243.563 1.243 1.254 1.243z\" fill=\"url(#a)\"><\/path><\/svg><\/span><span class=\"gb-headline-text\">Evite constrangimento<\/span><\/h3>\n\n\n\n<p class=\"has-text-align-center\"> O Google Translate geralmente produz frases incompreens\u00edveis. N\u00f3s o guiamos pelas nuances do ingl\u00eas \u2014 automaticamente.<\/p>\n\n<\/div><\/div>\n\n<div class=\"gb-grid-column gb-grid-column-4522fe1d\"><div class=\"gb-container gb-container-4522fe1d\">\n\n<h3 class=\"gb-headline gb-headline-859b5d81\"><span class=\"gb-icon\"><svg xmlns=\"http:\/\/www.w3.org\/2000\/svg\" viewbox=\"0 0 50 50\"><path d=\"M50 28.448A21.548 21.548 0 0136.988 48.24a.871.871 0 01-.691-1.599 19.807 19.807 0 0011.961-18.193c0-10.923-8.887-19.81-19.81-19.81-10.923 0-19.81 8.887-19.81 19.81a19.806 19.806 0 0011.961 18.193.871.871 0 01-.691 1.599A21.547 21.547 0 016.897 28.448c0-11.884 9.668-21.552 21.552-21.552C40.332 6.897 50 16.565 50 28.448zM32.905 41.156a.872.872 0 01.255.616v7.358a.869.869 0 01-.871.87.869.869 0 01-.616-.255l-3.225-3.225-3.225 3.225a.87.87 0 01-1.487-.615v-7.358c0-.231.092-.452.255-.616l3.586-3.586v-7.49a1.852 1.852 0 01-.98-1.632c0-1.02.83-1.85 1.85-1.85s1.85.83 1.85 1.85a1.85 1.85 0 01-.98 1.632v7.49l3.588 3.586zm-1.487.976l-2.97-2.97-2.97 2.97v4.895l2.354-2.354a.868.868 0 011.232 0l2.354 2.354v-4.895zm4.719-2.868a.87.87 0 101.012 1.418c3.958-2.822 6.321-7.396 6.321-12.234 0-8.283-6.738-15.021-15.021-15.021s-15.021 6.738-15.021 15.021c0 4.838 2.363 9.411 6.321 12.234a.872.872 0 001.012-1.418 13.32 13.32 0 01-5.59-10.816c0-7.322 5.957-13.279 13.279-13.279s13.279 5.957 13.279 13.279a13.32 13.32 0 01-5.592 10.816zm-7.689-19.306c-4.681 0-8.49 3.809-8.49 8.49a8.5 8.5 0 003.638 6.965.87.87 0 10.996-1.428 6.76 6.76 0 01-2.893-5.537 6.757 6.757 0 016.749-6.749 6.757 6.757 0 016.749 6.749 6.757 6.757 0 01-2.893 5.537.87.87 0 10.997 1.427 8.501 8.501 0 003.638-6.965c-.001-4.68-3.809-8.489-8.491-8.489z\" fill=\"url(#a)\"><\/path><\/svg><\/span><span class=\"gb-headline-text\">O poder da IA<\/span><\/h3>\n\n\n\n<p class=\"has-text-align-center\">Use as ferramentas mais recentes para avan\u00e7ar em sua carreira e economizar tempo e dinheiro.<\/p>\n\n<\/div><\/div>\n<\/div>\n<\/div>\n<div class=\"gb-shapes\"><div class=\"gb-shape gb-shape-1\"><svg xmlns=\"http:\/\/www.w3.org\/2000\/svg\" viewbox=\"0 0 1200 100\" preserveaspectratio=\"none\"><path d=\"M1200 100H0V0l400 77.2L1200 0z\"\/><\/svg><\/div><\/div><\/div>\n\n<div class=\"gb-container gb-container-94a2a669\" id=\"start\">\n\n<p class=\"gb-headline gb-headline-2954b8c8\"><span class=\"gb-icon\"><svg xmlns=\"http:\/\/www.w3.org\/2000\/svg\" viewbox=\"0 0 36.7 3\"><path d=\"M0 0h36.7v3H0z\"><\/path><\/svg><\/span><span class=\"gb-headline-text\">Planos Mensais<\/span><\/p>\n\n\n<div class=\"gb-grid-wrapper gb-grid-wrapper-1fde8e30\">\n<div class=\"gb-grid-column gb-grid-column-9b797ea5\"><div class=\"gb-container gb-container-9b797ea5 drop-shadow\">\n\n<h4 class=\"gb-headline gb-headline-93a74879\"><span class=\"gb-icon\"><svg viewbox=\"0 0 15 15\" fill=\"none\" xmlns=\"http:\/\/www.w3.org\/2000\/svg\" width=\"30\" height=\"30\"><path d=\"M7.948.779a.5.5 0 00-.896 0L5.005 4.926l-4.577.665a.5.5 0 00-.277.853l3.312 3.228-.782 4.559a.5.5 0 00.725.527L7.5 12.605l4.094 2.153a.5.5 0 00.725-.527l-.782-4.56 3.312-3.227a.5.5 0 00-.277-.853l-4.577-.665L7.948.78z\" fill=\"currentColor\"><\/path><\/svg><\/span><span class=\"gb-headline-text\">Livre<\/span><\/h4>\n\n\n\n<p class=\"gb-headline gb-headline-1ca48a45 gb-headline-text\">inscreva-se com apenas um e-mail<\/p>\n\n\n\n<p class=\"gb-headline gb-headline-39b7b8c6 gb-headline-text\">Use nosso editor em seu idioma<\/p>\n\n\n\n<p class=\"gb-headline gb-headline-74c08f35 gb-headline-text\">500 frases\/m\u00eas<\/p>\n\n\n\n<p class=\"gb-headline gb-headline-a6ce5482 gb-headline-text\">(igual a 50 - 100 e-mails por m\u00eas)<\/p>\n\n\n\n<p class=\"gb-headline gb-headline-fd9a7efb gb-headline-text\">Perfeito para e-mails comerciais<\/p>\n\n\n\n<a class=\"gb-button gb-button-5ddbc6b7 gb-button-text\" href=\"\/pt\/aplicativo\/\">Inscrever-se<\/a>\n\n<\/div><\/div>\n\n<div class=\"gb-grid-column gb-grid-column-bed1d08b\"><div class=\"gb-container gb-container-bed1d08b drop-shadow\">\n\n<h4 class=\"gb-headline gb-headline-8a398c65 gb-headline-text\">PROFISSIONAL <\/h4>\n\n\n\n<p class=\"gb-headline gb-headline-ca0b0b1a gb-headline-text\">$29 m\u00eas<\/p>\n\n\n\n<p class=\"gb-headline gb-headline-5a8af5b0 gb-headline-text\">5.000 frases\/m\u00eas (+ 500 frases gratuitas\/m\u00eas)<\/p>\n\n\n\n<p class=\"gb-headline gb-headline-1d6a81e9 gb-headline-text\">(igual a 550 \u2013 1.100 e-mails por m\u00eas)<\/p>\n\n\n\n<p class=\"gb-headline gb-headline-c14d4976 gb-headline-text\">Integrado com e-mail, PowerPoint, Word, Excel, Documentos, Planilhas, Notas (em breve)<\/p>\n\n\n\n<p class=\"gb-headline gb-headline-6a5c1b01 gb-headline-text\">Melhor para e-mails comerciais, apresenta\u00e7\u00f5es e relat\u00f3rios<\/p>\n\n\n\n<a class=\"gb-button gb-button-0072a9d0 gb-button-text\" href=\"\/pt\/aplicativo\/\">Comprar agora<\/a>\n\n<\/div><\/div>\n\n<div class=\"gb-grid-column gb-grid-column-45078b5f\"><div class=\"gb-container gb-container-45078b5f drop-shadow\">\n\n<h4 class=\"gb-headline gb-headline-3a7dee68 gb-headline-text\">Empreendimento<\/h4>\n\n\n\n<p class=\"gb-headline gb-headline-9da72d2e gb-headline-text\">Contate-nos<\/p>\n\n\n\n<p class=\"gb-headline gb-headline-5adad441 gb-headline-text\">Integra\u00e7\u00e3o personalizada com sistemas corporativos, dicion\u00e1rios e guias de estilo<\/p>\n\n\n\n<p class=\"gb-headline gb-headline-569794fc gb-headline-text\">Fatura \u00fanica e monitoramento de uso<\/p>\n\n\n\n<p class=\"gb-headline gb-headline-22b30f9d gb-headline-text\">Incentive a pol\u00edtica lingu\u00edstica em toda a empresa<\/p>\n\n\n\n<a class=\"gb-button gb-button-1f303b99 gb-button-text\" href=\"https:\/\/bellalingua.com\/pt\/contato\/\">Contate-nos<\/a>\n\n<\/div><\/div>\n<\/div>\n<\/div>","protected":false},"excerpt":{"rendered":"<p>Escreva um ingl\u00eas perfeito. A IA do Bella Lingua ajuda voc\u00ea a escrever um ingl\u00eas profissional e bonito para e-mails, relat\u00f3rios e muito mais. Escreva um ingl\u00eas perfeito. O Bella Lingua \u00e9 93% mais\u2026 <a title=\"Lar\" class=\"read-more\" href=\"https:\/\/bellalingua.com\/pt\/\" aria-label=\"Leia mais sobre Casa\">consulte Mais informa\u00e7\u00e3o<\/a><\/p>","protected":false},"author":1,"featured_media":0,"parent":0,"menu_order":0,"comment_status":"closed","ping_status":"open","template":"","meta":{"pmpro_default_level":"","footnotes":""},"class_list":{"0":"post-2270","1":"page","2":"type-page","3":"status-publish","5":"pmpro-has-access"},"_links":{"self":[{"href":"https:\/\/bellalingua.com\/pt\/wp-json\/wp\/v2\/pages\/2270","targetHints":{"allow":["GET"]}}],"collection":[{"href":"https:\/\/bellalingua.com\/pt\/wp-json\/wp\/v2\/pages"}],"about":[{"href":"https:\/\/bellalingua.com\/pt\/wp-json\/wp\/v2\/types\/page"}],"author":[{"embeddable":true,"href":"https:\/\/bellalingua.com\/pt\/wp-json\/wp\/v2\/users\/1"}],"replies":[{"embeddable":true,"href":"https:\/\/bellalingua.com\/pt\/wp-json\/wp\/v2\/comments?post=2270"}],"version-history":[{"count":44,"href":"https:\/\/bellalingua.com\/pt\/wp-json\/wp\/v2\/pages\/2270\/revisions"}],"predecessor-version":[{"id":3025,"href":"https:\/\/bellalingua.com\/pt\/wp-json\/wp\/v2\/pages\/2270\/revisions\/3025"}],"wp:attachment":[{"href":"https:\/\/bellalingua.com\/pt\/wp-json\/wp\/v2\/media?parent=2270"}],"curies":[{"name":"wp","href":"https:\/\/api.w.org\/{rel}","templated":true}]}}