{"id":2756,"date":"2024-02-22T21:43:59","date_gmt":"2024-02-22T21:43:59","guid":{"rendered":"https:\/\/bellalingua.com\/?page_id=2756"},"modified":"2024-02-22T21:43:59","modified_gmt":"2024-02-22T21:43:59","slug":"termini","status":"publish","type":"page","link":"https:\/\/bellalingua.com\/it\/termini\/","title":{"rendered":"Termini e Condizioni"},"content":{"rendered":"<h1 class=\"wp-block-heading\"><strong>Termini e Condizioni Generali di Bella Lingua<\/strong><\/h1>\n\n\n\n<ol class=\"wp-block-list\">\n<li><strong>Scopo<\/strong>\n<ol class=\"wp-block-list\">\n<li>I presenti Termini e Condizioni Generali si applicano al rapporto tra te, l&#039;utente (&quot;utente&quot;) e Bella Lingua (&quot;fornitore&quot;) per tutti i tipi di utilizzo dei nostri servizi gratuiti e a pagamento sul sito bellalingua.com, come l&#039;assistenza alla scrittura ( \u201cServizi\u201d) forniti tramite bellalingua.com e bellalingua.com.<\/li>\n\n\n\n<li>Il fornitore si riserva il diritto di modificare, integrare o adattare le presenti condizioni (https:\/\/bellalingua.com\/legal\/terms) in qualsiasi momento.<\/li>\n\n\n\n<li>Il fornitore offre servizi all&#039;utente a condizione che l&#039;utente accetti questi termini e condizioni. L&#039;utente non ha il diritto di utilizzare i servizi gratuiti.<\/li>\n<\/ol>\n<\/li>\n\n\n\n<li><strong>Servizi<\/strong>\n<ol class=\"wp-block-list\">\n<li>Il fornitore offre all&#039;utente servizi gratuiti e a pagamento sul sito bellalingua.com.<\/li>\n\n\n\n<li>Questi servizi gratuiti sono accessibili gratuitamente, ma devono essere rispettate le seguenti condizioni di utilizzo. Per utilizzare i servizi e i contenuti gratuiti (\u201cversione base\u201d) \u00e8 necessaria la registrazione. Per alcuni servizi sono necessari ulteriori dati di registrazione per ottenere funzionalit\u00e0 aggiuntive (\u201cversione login\u201d). Servizi aggiuntivi sono disponibili a pagamento (\u201cversione premium\u201d).<\/li>\n\n\n\n<li>Possono sorgere costi per l&#039;utilizzo di Internet da parte dell&#039;utente, ad esempio per il provider Internet. Tali costi saranno a carico esclusivo dell&#039;utente; non dal fornitore.<\/li>\n\n\n\n<li>Il fornitore si riserva il diritto di apportare aggiornamenti e nuove versioni del software continuamente e senza preavviso. Il fornitore \u00e8 libero nella progettazione dei contenuti e ha il diritto di modificare, limitare, interrompere o estendere in qualsiasi momento i servizi gratuiti offerti.<\/li>\n<\/ol>\n<\/li>\n\n\n\n<li><strong>Accesso ai servizi<\/strong>\n<ol class=\"wp-block-list\">\n<li>Il fornitore non garantisce la disponibilit\u00e0 permanente e ininterrotta dei servizi.<\/li>\n\n\n\n<li>I servizi vengono aggiornati a intervalli regolari. L&#039;utente non ha tuttavia diritto all&#039;aggiornamento. L&#039;offerente si riserva il diritto di limitare gli orari di esercizio per motivi tecnici o di sospendere temporaneamente l&#039;esercizio. L&#039;offerente si riserva il diritto di apportare modifiche tecniche di qualsiasi tipo ai servizi, in particolare se si rendono necessarie a causa di disposizioni di legge imperative.<\/li>\n<\/ol>\n<\/li>\n\n\n\n<li><strong>Utilizzo dei servizi gratuiti<\/strong>\n<ol class=\"wp-block-list\">\n<li>L&#039;utilizzo dei servizi gratuiti offerti su bellalingua.com \u00e8 consentito solo per uso privato. Non \u00e8 consentito l&#039;integrazione dei servizi su altri siti web.<\/li>\n\n\n\n<li>Tutti i contenuti dei servizi offerti, in particolare immagini, testi e grafica, se non diversamente indicato, sono protetti dal diritto d&#039;autore.<\/li>\n\n\n\n<li>Nell&#039;ambito della \u201cVersione Login\u201d, il fornitore utilizza in questo contesto i testi memorizzati per l&#039;apprendimento automatico, allo scopo di migliorare i servizi. Il machine learning viene utilizzato in particolare per migliorare le funzioni di verifica e traduzione del testo. &quot;I dati di utilizzo e i contenuti del cliente possono essere utilizzati per sviluppare, addestrare o migliorare modelli di intelligenza artificiale o apprendimento automatico che fanno parte dei prodotti e servizi del Fornitore, inclusi componenti di terze parti del Prodotto, e il Cliente autorizza il Fornitore a elaborare i propri Dati di utilizzo e Contenuti del cliente per tali scopi. Tuttavia, (a) i dati di utilizzo e i contenuti del cliente devono essere aggregati prima di poter essere utilizzati per questi scopi e (b) il Fornitore compir\u00e0 sforzi commercialmente ragionevoli coerenti con la tecnologia standard del settore per anonimizzare i dati di utilizzo e i contenuti del cliente prima di tale utilizzo . Niente in questa sezione ridurr\u00e0 o limiter\u00e0 gli obblighi del Fornitore in merito ai Dati personali che potrebbero essere contenuti nei Dati di utilizzo o nei Contenuti del Cliente ai sensi delle Leggi applicabili sulla protezione dei dati. A causa della natura dell&#039;intelligenza artificiale e dell&#039;apprendimento automatico, le informazioni generate da queste funzionalit\u00e0 potrebbero essere errate o imprecise. Le caratteristiche del prodotto che includono modelli di intelligenza artificiale o di apprendimento automatico non sono umane e non sostituiscono la supervisione umana.<\/li>\n<\/ol>\n<\/li>\n\n\n\n<li><strong>Garanzia e responsabilit\u00e0 del fornitore<\/strong>\n<ol class=\"wp-block-list\">\n<li>Il fornitore non garantisce l&#039;accuratezza, la velocit\u00e0, la completezza, l&#039;affidabilit\u00e0 e la tempestivit\u00e0 dei servizi forniti. In particolare, l&#039;utente accetta che l&#039;esame dei testi per errori stilistici, ortografici e grammaticali sia incompleto. L&#039;utente accetta inoltre che possano verificarsi falsi allarmi, cio\u00e8 che i servizi possano identificare come errati passaggi di testo che in realt\u00e0 sono corretti o non identificare testi corretti che sono errati.<\/li>\n<\/ol>\n<\/li>\n\n\n\n<li><strong>Comportamento dell&#039;utente<\/strong>\n<ol class=\"wp-block-list\">\n<li>L&#039;utilizzo dei servizi del fornitore non deve essere in contraddizione con questi termini e condizioni. Inoltre, l&#039;utente non pu\u00f2 abusare dei servizi gratuiti e deve rispettare le leggi vigenti nonch\u00e9 i diritti di terzi.<\/li>\n\n\n\n<li>Le violazioni di questi termini e degli obblighi dell&#039;utente possono, tra le altre cose, comportare la responsabilit\u00e0 dell&#039;utente per danni.<\/li>\n\n\n\n<li>L&#039;utente esonera l&#039;offerente da tutte le pretese di terzi nei confronti dell&#039;offerente a causa della violazione dei suoi diritti da parte dell&#039;utente. Inoltre, l&#039;utente \u00e8 tenuto a risarcire al fornitore tutti i danni e le spese ragionevoli sostenute dal fornitore in relazione ad una violazione dei diritti da parte dell&#039;utente, in particolare anche a causa di pretese di terzi. Ci\u00f2 include anche i costi per un&#039;adeguata difesa legale del fornitore.<\/li>\n\n\n\n<li>Non \u00e8 consentita l&#039;offerta pubblica di qualsiasi versione del servizio (ad esempio la rivendita). Il fornitore pu\u00f2 offrire un&#039;eccezione a questa limitazione in forma scritta.<\/li>\n\n\n\n<li>Non \u00e8 consentito l&#039;utilizzo dei servizi per creare un prodotto concorrente nell&#039;ambito dello stile, della grammatica, della traduzione o dell&#039;assistenza alla scrittura.<\/li>\n<\/ol>\n<\/li>\n\n\n\n<li><strong>Protezione dati<\/strong>\n<ol class=\"wp-block-list\">\n<li>L&#039;offerente \u00e8 consapevole che la gestione attenta dei dati personali degli utenti \u00e8 molto importante. Il fornitore si impegna a garantire in ogni momento un trattamento accurato dei dati personali.<\/li>\n\n\n\n<li>L&#039;informativa sulla privacy del fornitore \u00e8 disponibile all&#039;indirizzo <a href=\"https:\/\/languagetool.org\/legal\/privacy\">https:\/\/bellalingua.com\/legal\/privacy<\/a><\/li>\n<\/ol>\n<\/li>\n\n\n\n<li><strong>Informazioni generali<\/strong>\n<ol class=\"wp-block-list\">\n<li>Qualora singole disposizioni delle Condizioni Generali fossero invalide o inapplicabili oppure diventassero invalide o inapplicabili, la validit\u00e0 delle Condizioni Generali rimarr\u00e0 inalterata. La disposizione non valida o inapplicabile sar\u00e0 sostituita da una disposizione valida e applicabile che rispetti i termini e le condizioni nella loro interezza, nonch\u00e9 le condizioni generali di contratto.<\/li>\n\n\n\n<li>Si applica esclusivamente la legge dello stato del Nevada, USA.<\/li>\n<\/ol>\n<\/li>\n<\/ol>","protected":false},"excerpt":{"rendered":"<p>Termini e Condizioni Generali di Bella Lingua<\/p>","protected":false},"author":1,"featured_media":0,"parent":0,"menu_order":0,"comment_status":"closed","ping_status":"open","template":"","meta":{"pmpro_default_level":"","footnotes":""},"class_list":{"0":"post-2756","1":"page","2":"type-page","3":"status-publish","5":"pmpro-has-access"},"_links":{"self":[{"href":"https:\/\/bellalingua.com\/it\/wp-json\/wp\/v2\/pages\/2756","targetHints":{"allow":["GET"]}}],"collection":[{"href":"https:\/\/bellalingua.com\/it\/wp-json\/wp\/v2\/pages"}],"about":[{"href":"https:\/\/bellalingua.com\/it\/wp-json\/wp\/v2\/types\/page"}],"author":[{"embeddable":true,"href":"https:\/\/bellalingua.com\/it\/wp-json\/wp\/v2\/users\/1"}],"replies":[{"embeddable":true,"href":"https:\/\/bellalingua.com\/it\/wp-json\/wp\/v2\/comments?post=2756"}],"version-history":[{"count":1,"href":"https:\/\/bellalingua.com\/it\/wp-json\/wp\/v2\/pages\/2756\/revisions"}],"predecessor-version":[{"id":2758,"href":"https:\/\/bellalingua.com\/it\/wp-json\/wp\/v2\/pages\/2756\/revisions\/2758"}],"wp:attachment":[{"href":"https:\/\/bellalingua.com\/it\/wp-json\/wp\/v2\/media?parent=2756"}],"curies":[{"name":"scrivere","href":"https:\/\/api.w.org\/{rel}","templated":true}]}}