{"id":2756,"date":"2024-02-22T21:43:59","date_gmt":"2024-02-22T21:43:59","guid":{"rendered":"https:\/\/bellalingua.com\/?page_id=2756"},"modified":"2024-02-22T21:43:59","modified_gmt":"2024-02-22T21:43:59","slug":"termes","status":"publish","type":"page","link":"https:\/\/bellalingua.com\/fr\/termes\/","title":{"rendered":"Termes et conditions"},"content":{"rendered":"<h1 class=\"wp-block-heading\"><strong>Conditions G\u00e9n\u00e9rales de Vente de Bella Lingua<\/strong><\/h1>\n\n\n\n<ol class=\"wp-block-list\">\n<li><strong>Port\u00e9e<\/strong>\n<ol class=\"wp-block-list\">\n<li>Les pr\u00e9sentes Conditions G\u00e9n\u00e9rales s&#039;appliquent \u00e0 la relation entre vous, l&#039;utilisateur (\u00ab utilisateur \u00bb), et Bella Lingua (\u00ab prestataire \u00bb) pour tous types d&#039;utilisation de nos services gratuits et payants sur le site bellalingua.com, tels que l&#039;aide \u00e0 la r\u00e9daction ( \u00ab Services \u00bb) fournis via bellalingua.com et bellalingua.com.<\/li>\n\n\n\n<li>Le fournisseur se r\u00e9serve le droit de modifier, compl\u00e9ter ou adapter les pr\u00e9sentes conditions (https:\/\/bellalingua.com\/legal\/terms) \u00e0 tout moment.<\/li>\n\n\n\n<li>Le fournisseur propose des services \u00e0 l&#039;utilisateur \u00e0 condition que l&#039;utilisateur accepte les pr\u00e9sentes conditions g\u00e9n\u00e9rales. L&#039;utilisateur n&#039;a pas le droit d&#039;utiliser les services gratuits.<\/li>\n<\/ol>\n<\/li>\n\n\n\n<li><strong>Prestations de service<\/strong>\n<ol class=\"wp-block-list\">\n<li>Le prestataire propose \u00e0 l&#039;utilisateur des services gratuits et payants sur le site bellalingua.com.<\/li>\n\n\n\n<li>Ces services gratuits sont accessibles gratuitement, mais les conditions d&#039;utilisation suivantes doivent \u00eatre respect\u00e9es. L\u2019inscription est requise pour utiliser les services et contenus gratuits (\u00ab version de base \u00bb). Pour certains services, des informations d&#039;inscription suppl\u00e9mentaires sont n\u00e9cessaires afin d&#039;obtenir des fonctionnalit\u00e9s suppl\u00e9mentaires (\u00ab version de connexion \u00bb). Des services suppl\u00e9mentaires sont disponibles moyennant paiement (\u00ab version premium \u00bb).<\/li>\n\n\n\n<li>Des co\u00fbts peuvent survenir pour l&#039;utilisation d&#039;Internet par l&#039;utilisateur, par exemple pour le fournisseur d&#039;acc\u00e8s Internet. Ces frais seront \u00e0 la charge exclusive de l&#039;utilisateur ; pas par le fournisseur.<\/li>\n\n\n\n<li>Le fournisseur se r\u00e9serve le droit d&#039;effectuer des mises \u00e0 jour et de nouvelles versions du logiciel en permanence et sans pr\u00e9avis. Le fournisseur est libre dans la conception des contenus et a le droit \u00e0 tout moment de modifier, restreindre, interrompre ou \u00e9tendre les services gratuits propos\u00e9s.<\/li>\n<\/ol>\n<\/li>\n\n\n\n<li><strong>Acc\u00e8s aux services<\/strong>\n<ol class=\"wp-block-list\">\n<li>Le prestataire ne garantit pas la disponibilit\u00e9 permanente et ininterrompue des services.<\/li>\n\n\n\n<li>Les services sont mis \u00e0 jour \u00e0 intervalles r\u00e9guliers. Cependant, l&#039;utilisateur n&#039;a pas droit \u00e0 une mise \u00e0 jour. Le fournisseur se r\u00e9serve le droit de limiter les horaires d&#039;ouverture pour des raisons techniques ou de suspendre temporairement l&#039;exploitation. Le prestataire se r\u00e9serve le droit d&#039;apporter des modifications techniques de toute nature aux prestations, notamment si celles-ci s&#039;av\u00e8rent n\u00e9cessaires en raison de dispositions l\u00e9gales imp\u00e9ratives.<\/li>\n<\/ol>\n<\/li>\n\n\n\n<li><strong>Utilisation des services gratuits<\/strong>\n<ol class=\"wp-block-list\">\n<li>L&#039;utilisation des services gratuits propos\u00e9s sur bellalingua.com n&#039;est autoris\u00e9e que pour un usage priv\u00e9. L&#039;int\u00e9gration des services sur d&#039;autres sites Web n&#039;est pas autoris\u00e9e.<\/li>\n\n\n\n<li>Tous les contenus des services propos\u00e9s, en particulier les images, textes et graphiques, sont, sauf indication contraire, prot\u00e9g\u00e9s par le droit d&#039;auteur.<\/li>\n\n\n\n<li>Dans le cadre de la \u00ab\u00a0Version de connexion\u00a0\u00bb, le fournisseur utilise dans ce contexte des textes stock\u00e9s pour l&#039;apprentissage automatique, dans le but d&#039;am\u00e9liorer les services. Le machine learning est notamment utilis\u00e9 pour am\u00e9liorer les fonctions de v\u00e9rification et de traduction de textes. \u00ab\u00a0Les donn\u00e9es d&#039;utilisation et le contenu du client peuvent \u00eatre utilis\u00e9s pour d\u00e9velopper, former ou am\u00e9liorer les mod\u00e8les d&#039;intelligence artificielle ou d&#039;apprentissage automatique qui font partie des produits et services du fournisseur, y compris les composants tiers du produit, et le client autorise le fournisseur \u00e0 traiter ses donn\u00e9es d&#039;utilisation et Contenu client \u00e0 ces fins. Cependant, (a) les donn\u00e9es d&#039;utilisation et le contenu client doivent \u00eatre regroup\u00e9s avant de pouvoir \u00eatre utilis\u00e9s \u00e0 ces fins, et (b) le fournisseur d\u00e9ploiera des efforts commercialement raisonnables et compatibles avec la technologie standard de l&#039;industrie pour anonymiser les donn\u00e9es d&#039;utilisation et le contenu client avant une telle utilisation. . Rien dans cette section ne r\u00e9duira ou ne limitera les obligations du fournisseur concernant les donn\u00e9es personnelles pouvant \u00eatre contenues dans les donn\u00e9es d&#039;utilisation ou le contenu client en vertu des lois applicables sur la protection des donn\u00e9es. En raison de la nature de l&#039;intelligence artificielle et de l&#039;apprentissage automatique, les informations g\u00e9n\u00e9r\u00e9es par ces fonctionnalit\u00e9s peuvent \u00eatre incorrectes ou inexactes. Les fonctionnalit\u00e9s des produits qui incluent des mod\u00e8les d\u2019intelligence artificielle ou d\u2019apprentissage automatique ne sont pas humaines et ne remplacent pas la surveillance humaine.<\/li>\n<\/ol>\n<\/li>\n\n\n\n<li><strong>Garantie et responsabilit\u00e9 du fournisseur<\/strong>\n<ol class=\"wp-block-list\">\n<li>Le prestataire ne garantit pas l&#039;exactitude, la rapidit\u00e9, l&#039;exhaustivit\u00e9, la fiabilit\u00e9 et l&#039;actualit\u00e9 des services fournis. L&#039;utilisateur accepte notamment que l&#039;examen des textes pour d\u00e9tecter les erreurs de style, d&#039;orthographe et de grammaire soit incomplet. L&#039;utilisateur accepte \u00e9galement qu&#039;il puisse y avoir de fausses alarmes, c&#039;est-\u00e0-dire que les services puissent identifier comme incorrects des passages de texte qui sont r\u00e9ellement corrects ou ne pas identifier un texte correct qui est incorrect.<\/li>\n<\/ol>\n<\/li>\n\n\n\n<li><strong>Comportement de l&#039;utilisateur<\/strong>\n<ol class=\"wp-block-list\">\n<li>L&#039;utilisation des services du prestataire ne doit pas \u00eatre en contradiction avec les pr\u00e9sentes conditions g\u00e9n\u00e9rales. Par ailleurs, l&#039;utilisateur ne peut abuser des services gratuits et doit respecter les lois applicables ainsi que les droits des tiers.<\/li>\n\n\n\n<li>Les violations de ces conditions et des obligations de l&#039;utilisateur peuvent, entre autres, entra\u00eener la responsabilit\u00e9 de l&#039;utilisateur pour dommages.<\/li>\n\n\n\n<li>L&#039;utilisateur doit indemniser le fournisseur de toutes les r\u00e9clamations de tiers les faisant valoir contre le fournisseur en raison de la violation de leurs droits par des actions de l&#039;utilisateur. En outre, l&#039;utilisateur est tenu d&#039;indemniser le fournisseur de tous les dommages et d\u00e9penses raisonnables encourus par le fournisseur en relation avec une violation des droits par l&#039;utilisateur, notamment \u00e9galement en raison de r\u00e9clamations de tiers. Cela comprend \u00e9galement les frais d&#039;une d\u00e9fense juridique appropri\u00e9e du prestataire.<\/li>\n\n\n\n<li>L&#039;offre publique d&#039;une version du service (par exemple la revente) n&#039;est pas autoris\u00e9e. Le fournisseur peut proposer une exception \u00e0 cette limitation par \u00e9crit.<\/li>\n\n\n\n<li>L&#039;utilisation des services pour cr\u00e9er un produit concurrent dans le domaine du style, de la grammaire, de la traduction ou de l&#039;aide \u00e0 la r\u00e9daction n&#039;est pas autoris\u00e9e.<\/li>\n<\/ol>\n<\/li>\n\n\n\n<li><strong>Protection des donn\u00e9es<\/strong>\n<ol class=\"wp-block-list\">\n<li>Le fournisseur est conscient qu&#039;un traitement soigneux des donn\u00e9es personnelles des utilisateurs est tr\u00e8s important. Le fournisseur s&#039;efforce de garantir \u00e0 tout moment un traitement prudent des donn\u00e9es personnelles.<\/li>\n\n\n\n<li>La politique de confidentialit\u00e9 du fournisseur peut \u00eatre consult\u00e9e \u00e0 l&#039;adresse <a href=\"https:\/\/languagetool.org\/legal\/privacy\">https:\/\/bellalingua.com\/legal\/privacy<\/a><\/li>\n<\/ol>\n<\/li>\n\n\n\n<li><strong>Informations g\u00e9n\u00e9rales<\/strong>\n<ol class=\"wp-block-list\">\n<li>Si certaines dispositions des Conditions g\u00e9n\u00e9rales s&#039;av\u00e9raient invalides ou inapplicables ou si elles devenaient invalides ou inapplicables, la validit\u00e9 des Conditions g\u00e9n\u00e9rales n&#039;en serait pas affect\u00e9e. La disposition invalide ou inapplicable sera remplac\u00e9e par une disposition valide et ex\u00e9cutoire qui respecte dans son int\u00e9gralit\u00e9 les conditions g\u00e9n\u00e9rales ainsi que les conditions g\u00e9n\u00e9rales de vente.<\/li>\n\n\n\n<li>Seule la loi de l&#039;\u00c9tat du Nevada, aux \u00c9tats-Unis, s&#039;applique.<\/li>\n<\/ol>\n<\/li>\n<\/ol>","protected":false},"excerpt":{"rendered":"<p>Conditions G\u00e9n\u00e9rales de Vente de Bella Lingua<\/p>","protected":false},"author":1,"featured_media":0,"parent":0,"menu_order":0,"comment_status":"closed","ping_status":"open","template":"","meta":{"pmpro_default_level":"","footnotes":""},"class_list":{"0":"post-2756","1":"page","2":"type-page","3":"status-publish","5":"pmpro-has-access"},"_links":{"self":[{"href":"https:\/\/bellalingua.com\/fr\/wp-json\/wp\/v2\/pages\/2756","targetHints":{"allow":["GET"]}}],"collection":[{"href":"https:\/\/bellalingua.com\/fr\/wp-json\/wp\/v2\/pages"}],"about":[{"href":"https:\/\/bellalingua.com\/fr\/wp-json\/wp\/v2\/types\/page"}],"author":[{"embeddable":true,"href":"https:\/\/bellalingua.com\/fr\/wp-json\/wp\/v2\/users\/1"}],"replies":[{"embeddable":true,"href":"https:\/\/bellalingua.com\/fr\/wp-json\/wp\/v2\/comments?post=2756"}],"version-history":[{"count":1,"href":"https:\/\/bellalingua.com\/fr\/wp-json\/wp\/v2\/pages\/2756\/revisions"}],"predecessor-version":[{"id":2758,"href":"https:\/\/bellalingua.com\/fr\/wp-json\/wp\/v2\/pages\/2756\/revisions\/2758"}],"wp:attachment":[{"href":"https:\/\/bellalingua.com\/fr\/wp-json\/wp\/v2\/media?parent=2756"}],"curies":[{"name":"wp","href":"https:\/\/api.w.org\/{rel}","templated":true}]}}