{"id":2756,"date":"2024-02-22T21:43:59","date_gmt":"2024-02-22T21:43:59","guid":{"rendered":"https:\/\/bellalingua.com\/?page_id=2756"},"modified":"2024-02-22T21:43:59","modified_gmt":"2024-02-22T21:43:59","slug":"terminos","status":"publish","type":"page","link":"https:\/\/bellalingua.com\/es\/terminos\/","title":{"rendered":"T\u00e9rminos y condiciones"},"content":{"rendered":"<h1 class=\"wp-block-heading\"><strong>T\u00e9rminos y Condiciones Generales de Bella Lingua<\/strong><\/h1>\n\n\n\n<ol class=\"wp-block-list\">\n<li><strong>Alcance<\/strong>\n<ol class=\"wp-block-list\">\n<li>Estos T\u00e9rminos y Condiciones Generales se aplican a la relaci\u00f3n entre usted, el usuario (\u201cusuario\u201d) y Bella Lingua (\u201cproveedor\u201d) para todo tipo de uso de nuestros servicios gratuitos y pagos en el sitio web bellalingua.com, como asistencia de redacci\u00f3n ( \u201cServicios\u201d) proporcionados a trav\u00e9s de bellalingua.com y bellalingua.com.<\/li>\n\n\n\n<li>El prestador se reserva el derecho de modificar, complementar o adaptar estos t\u00e9rminos (https:\/\/bellalingua.com\/legal\/terms) en cualquier momento.<\/li>\n\n\n\n<li>El proveedor ofrece servicios al usuario bajo la condici\u00f3n de que el usuario est\u00e9 de acuerdo con estos t\u00e9rminos y condiciones. El usuario no tiene derecho a utilizar los servicios gratuitos.<\/li>\n<\/ol>\n<\/li>\n\n\n\n<li><strong>Servicios<\/strong>\n<ol class=\"wp-block-list\">\n<li>El prestador ofrece al usuario servicios gratuitos y de pago en el sitio web bellalingua.com.<\/li>\n\n\n\n<li>Estos servicios gratuitos son accesibles de forma gratuita, pero se deben observar los siguientes t\u00e9rminos de uso. Es necesario registrarse para utilizar los servicios y contenidos gratuitos (\u201cversi\u00f3n b\u00e1sica\u201d). Para ciertos servicios, se requiere informaci\u00f3n de registro adicional para obtener funcionalidades adicionales (\u201cversi\u00f3n de inicio de sesi\u00f3n\u201d). Servicios adicionales est\u00e1n disponibles mediante pago (\u201cversi\u00f3n premium\u201d).<\/li>\n\n\n\n<li>Pueden surgir costes por el uso de Internet por parte del usuario, por ejemplo para el proveedor de Internet. Estos costos ser\u00e1n asumidos exclusivamente por el usuario; no por el proveedor.<\/li>\n\n\n\n<li>El proveedor se reserva el derecho de realizar actualizaciones y nuevas versiones del software de forma continua y sin previo aviso. El proveedor es libre en el dise\u00f1o de los contenidos y en cualquier momento tiene derecho a cambiar, restringir, interrumpir o ampliar los servicios gratuitos ofrecidos.<\/li>\n<\/ol>\n<\/li>\n\n\n\n<li><strong>Acceso a los servicios<\/strong>\n<ol class=\"wp-block-list\">\n<li>El prestador no garantiza la disponibilidad permanente e ininterrumpida de los servicios.<\/li>\n\n\n\n<li>Los servicios se actualizan a intervalos regulares. Sin embargo, el usuario no tiene derecho a una actualizaci\u00f3n. El proveedor se reserva el derecho de restringir el horario de funcionamiento por motivos t\u00e9cnicos o suspender el funcionamiento durante un per\u00edodo temporal. El proveedor se reserva el derecho de realizar cambios t\u00e9cnicos en los servicios de cualquier tipo, en particular, si son necesarios debido a disposiciones legales obligatorias.<\/li>\n<\/ol>\n<\/li>\n\n\n\n<li><strong>Uso de los servicios gratuitos.<\/strong>\n<ol class=\"wp-block-list\">\n<li>El uso de los servicios gratuitos ofrecidos en bellalingua.com s\u00f3lo est\u00e1 permitido para uso privado. No se permite la integraci\u00f3n de los servicios en otros sitios web.<\/li>\n\n\n\n<li>Todos los contenidos de los servicios ofrecidos, en particular im\u00e1genes, textos y gr\u00e1ficos, est\u00e1n protegidos por derechos de autor, salvo que se indique lo contrario.<\/li>\n\n\n\n<li>En el marco de la &quot;Versi\u00f3n de inicio de sesi\u00f3n&quot;, el proveedor utiliza en este contexto textos almacenados para el aprendizaje autom\u00e1tico, con el objetivo de mejorar los servicios. El aprendizaje autom\u00e1tico se utiliza en particular para mejorar las funciones de verificaci\u00f3n y traducci\u00f3n de textos. \u201cLos Datos de uso y el Contenido del Cliente pueden usarse para desarrollar, entrenar o mejorar modelos de inteligencia artificial o aprendizaje autom\u00e1tico que forman parte de los productos y servicios del Proveedor, incluidos los componentes de terceros del Producto, y el Cliente autoriza al Proveedor a procesar sus Datos de uso y Contenido del Cliente para dichos fines. Sin embargo, (a) los Datos de uso y el Contenido del cliente deben agregarse antes de que puedan usarse para estos fines, y (b) el Proveedor har\u00e1 esfuerzos comercialmente razonables y consistentes con la tecnolog\u00eda est\u00e1ndar de la industria para desidentificar los Datos de uso y el Contenido del cliente antes de dicho uso. . Nada en esta secci\u00f3n reducir\u00e1 o limitar\u00e1 las obligaciones del Proveedor con respecto a los Datos personales que puedan estar contenidos en los Datos de uso o el Contenido del cliente seg\u00fan las Leyes de protecci\u00f3n de datos aplicables. Debido a la naturaleza de la inteligencia artificial y el aprendizaje autom\u00e1tico, la informaci\u00f3n generada por estas funciones puede ser incorrecta o inexacta. Las caracter\u00edsticas del producto que incluyen inteligencia artificial o modelos de aprendizaje autom\u00e1tico no son humanas y no sustituyen la supervisi\u00f3n humana.<\/li>\n<\/ol>\n<\/li>\n\n\n\n<li><strong>Garant\u00eda y responsabilidad del proveedor.<\/strong>\n<ol class=\"wp-block-list\">\n<li>El proveedor no garantiza la exactitud, rapidez, exhaustividad, fiabilidad y actualidad de los servicios prestados. En particular, el usuario acepta que el examen de los textos en busca de errores de estilo, ortograf\u00eda y gramaticales sea incompleto. El usuario tambi\u00e9n acepta que puede haber falsas alarmas, es decir, que los servicios pueden identificar como incorrectos pasajes de texto que en realidad son correctos o no identificar texto correcto que es incorrecto.<\/li>\n<\/ol>\n<\/li>\n\n\n\n<li><strong>Comportamiento del usuario<\/strong>\n<ol class=\"wp-block-list\">\n<li>El uso de los servicios del proveedor no debe estar en contradicci\u00f3n con estos t\u00e9rminos y condiciones. Adem\u00e1s, el usuario no podr\u00e1 hacer un mal uso de los servicios gratuitos y deber\u00e1 respetar las leyes aplicables as\u00ed como los derechos de terceros.<\/li>\n\n\n\n<li>Las violaciones de estos t\u00e9rminos y de las obligaciones del usuario pueden, entre otras cosas, dar lugar a la responsabilidad del usuario por da\u00f1os y perjuicios.<\/li>\n\n\n\n<li>El usuario deber\u00e1 indemnizar al proveedor de todas las reclamaciones de terceros que se presenten contra el proveedor debido a la violaci\u00f3n de sus derechos por acciones del usuario. Adem\u00e1s, el usuario est\u00e1 obligado a indemnizar al proveedor por todos los da\u00f1os y gastos razonables en los que haya incurrido el proveedor en relaci\u00f3n con una infracci\u00f3n de derechos por parte del usuario, en particular tambi\u00e9n por reclamaciones de terceros. Esto tambi\u00e9n incluye los costes de una adecuada defensa jur\u00eddica del proveedor.<\/li>\n\n\n\n<li>No se permite ofrecer p\u00fablicamente ninguna versi\u00f3n del servicio (por ejemplo, reventa). El proveedor puede ofrecer una excepci\u00f3n a esta limitaci\u00f3n por escrito.<\/li>\n\n\n\n<li>No se permite el uso de los servicios para crear un producto competidor en el \u00e1rea de estilo, gram\u00e1tica, traducci\u00f3n o asistencia en redacci\u00f3n.<\/li>\n<\/ol>\n<\/li>\n\n\n\n<li><strong>Protecci\u00f3n de Datos<\/strong>\n<ol class=\"wp-block-list\">\n<li>El prestador es consciente de que es muy importante el tratamiento cuidadoso de los datos personales de los usuarios. El prestador se esfuerza por garantizar en todo momento un tratamiento cuidadoso de los datos personales.<\/li>\n\n\n\n<li>La pol\u00edtica de privacidad del proveedor se puede encontrar en <a href=\"https:\/\/languagetool.org\/legal\/privacy\">https:\/\/bellalingua.com\/legal\/privacy<\/a><\/li>\n<\/ol>\n<\/li>\n\n\n\n<li><strong>Informaci\u00f3n general<\/strong>\n<ol class=\"wp-block-list\">\n<li>En caso de que determinadas disposiciones de las Condiciones Generales sean inv\u00e1lidas o inaplicables o dejen de ser v\u00e1lidas o inaplicables, la validez de las Condiciones Generales no se ver\u00e1 afectada. La disposici\u00f3n inv\u00e1lida o inaplicable ser\u00e1 reemplazada por una disposici\u00f3n v\u00e1lida y ejecutable que cumpla con los t\u00e9rminos y condiciones en su totalidad, as\u00ed como con los t\u00e9rminos y condiciones generales de negocios.<\/li>\n\n\n\n<li>Se aplica exclusivamente la ley del estado de Nevada, EE.UU.<\/li>\n<\/ol>\n<\/li>\n<\/ol>","protected":false},"excerpt":{"rendered":"<p>T\u00e9rminos y Condiciones Generales de Bella Lingua<\/p>","protected":false},"author":1,"featured_media":0,"parent":0,"menu_order":0,"comment_status":"closed","ping_status":"open","template":"","meta":{"pmpro_default_level":"","footnotes":""},"class_list":{"0":"post-2756","1":"page","2":"type-page","3":"status-publish","5":"pmpro-has-access"},"_links":{"self":[{"href":"https:\/\/bellalingua.com\/es\/wp-json\/wp\/v2\/pages\/2756","targetHints":{"allow":["GET"]}}],"collection":[{"href":"https:\/\/bellalingua.com\/es\/wp-json\/wp\/v2\/pages"}],"about":[{"href":"https:\/\/bellalingua.com\/es\/wp-json\/wp\/v2\/types\/page"}],"author":[{"embeddable":true,"href":"https:\/\/bellalingua.com\/es\/wp-json\/wp\/v2\/users\/1"}],"replies":[{"embeddable":true,"href":"https:\/\/bellalingua.com\/es\/wp-json\/wp\/v2\/comments?post=2756"}],"version-history":[{"count":1,"href":"https:\/\/bellalingua.com\/es\/wp-json\/wp\/v2\/pages\/2756\/revisions"}],"predecessor-version":[{"id":2758,"href":"https:\/\/bellalingua.com\/es\/wp-json\/wp\/v2\/pages\/2756\/revisions\/2758"}],"wp:attachment":[{"href":"https:\/\/bellalingua.com\/es\/wp-json\/wp\/v2\/media?parent=2756"}],"curies":[{"name":"gracias","href":"https:\/\/api.w.org\/{rel}","templated":true}]}}