{"id":2756,"date":"2024-02-22T21:43:59","date_gmt":"2024-02-22T21:43:59","guid":{"rendered":"https:\/\/bellalingua.com\/?page_id=2756"},"modified":"2024-02-22T21:43:59","modified_gmt":"2024-02-22T21:43:59","slug":"bedingungen","status":"publish","type":"page","link":"https:\/\/bellalingua.com\/de\/bedingungen\/","title":{"rendered":"Gesch\u00e4ftsbedingungen"},"content":{"rendered":"<h1 class=\"wp-block-heading\"><strong>Allgemeine Gesch\u00e4ftsbedingungen von Bella Lingua<\/strong><\/h1>\n\n\n\n<ol class=\"wp-block-list\">\n<li><strong>Umfang<\/strong>\n<ol class=\"wp-block-list\">\n<li>Diese Allgemeinen Gesch\u00e4ftsbedingungen gelten f\u00fcr das Verh\u00e4ltnis zwischen Ihnen als Nutzer (\u201eNutzer\u201c) und Bella Lingua (\u201eAnbieter\u201c) f\u00fcr alle Arten der Nutzung unserer kostenlosen und kostenpflichtigen Dienste auf der Website bellalingua.com, wie z. B. Schreibunterst\u00fctzung ( \u201eDienste\u201c), die \u00fcber bellalingua.com und bellalingua.com bereitgestellt werden.<\/li>\n\n\n\n<li>Der Anbieter beh\u00e4lt sich das Recht vor, diese Bedingungen (https:\/\/bellalingua.com\/legal\/terms) jederzeit zu \u00e4ndern, zu erg\u00e4nzen oder anzupassen.<\/li>\n\n\n\n<li>Der Anbieter bietet dem Nutzer Leistungen unter der Voraussetzung an, dass der Nutzer mit diesen Gesch\u00e4ftsbedingungen einverstanden ist. Ein Anspruch des Nutzers auf die Nutzung der kostenlosen Dienste besteht nicht.<\/li>\n<\/ol>\n<\/li>\n\n\n\n<li><strong>Dienstleistungen<\/strong>\n<ol class=\"wp-block-list\">\n<li>Der Anbieter bietet dem Nutzer auf der Website bellalingua.com kostenlose und kostenpflichtige Dienste an.<\/li>\n\n\n\n<li>Diese kostenlosen Dienste sind kostenfrei zug\u00e4nglich, es sind jedoch die folgenden Nutzungsbedingungen zu beachten. F\u00fcr die Nutzung der kostenlosen Dienste und Inhalte (\u201eBasisversion\u201c) ist eine Registrierung erforderlich. F\u00fcr bestimmte Dienste sind zus\u00e4tzliche Registrierungsinformationen erforderlich, um zus\u00e4tzliche Funktionalit\u00e4ten zu erhalten (\u201eLogin-Version\u201c). Zus\u00e4tzliche Dienste sind kostenpflichtig (\u201ePremium-Version\u201c).<\/li>\n\n\n\n<li>F\u00fcr die Internetnutzung des Nutzers k\u00f6nnen Kosten entstehen, beispielsweise f\u00fcr den Internetprovider. Diese Kosten tr\u00e4gt ausschlie\u00dflich der Nutzer; nicht vom Anbieter.<\/li>\n\n\n\n<li>Der Anbieter beh\u00e4lt sich das Recht vor, fortlaufend und ohne vorherige Ank\u00fcndigung Aktualisierungen und neue Versionen der Software vorzunehmen. Der Anbieter ist in der Gestaltung der Inhalte frei und jederzeit berechtigt, die angebotenen kostenlosen Dienste zu \u00e4ndern, einzuschr\u00e4nken, einzustellen oder zu erweitern.<\/li>\n<\/ol>\n<\/li>\n\n\n\n<li><strong>Zugang zu den Diensten<\/strong>\n<ol class=\"wp-block-list\">\n<li>Der Anbieter \u00fcbernimmt keine Gew\u00e4hr f\u00fcr die st\u00e4ndige und ununterbrochene Verf\u00fcgbarkeit der Dienste.<\/li>\n\n\n\n<li>Die Dienste werden in regelm\u00e4\u00dfigen Abst\u00e4nden aktualisiert. Ein Anspruch des Nutzers auf ein Update besteht jedoch nicht. Der Anbieter beh\u00e4lt sich das Recht vor, die Betriebszeiten aus technischen Gr\u00fcnden einzuschr\u00e4nken oder den Betrieb vor\u00fcbergehend einzustellen. Der Anbieter beh\u00e4lt sich das Recht vor, technische \u00c4nderungen der Dienste jeglicher Art vorzunehmen, insbesondere wenn diese aufgrund zwingender gesetzlicher Vorschriften erforderlich werden.<\/li>\n<\/ol>\n<\/li>\n\n\n\n<li><strong>Nutzung der kostenlosen Dienste<\/strong>\n<ol class=\"wp-block-list\">\n<li>Die Nutzung der auf bellalingua.com angebotenen kostenlosen Dienste ist ausschlie\u00dflich f\u00fcr den privaten Gebrauch gestattet. Eine Einbettung der Dienste auf anderen Websites ist nicht gestattet.<\/li>\n\n\n\n<li>S\u00e4mtliche Inhalte der angebotenen Dienste, insbesondere Bilder, Texte und Grafiken, unterliegen, sofern nicht anders angegeben, dem Urheberrecht.<\/li>\n\n\n\n<li>Im Rahmen der \u201eLogin-Version\u201c nutzt der Anbieter in diesem Zusammenhang gespeicherte Texte f\u00fcr maschinelles Lernen, was der Verbesserung der Dienste dienen soll. Das maschinelle Lernen wird insbesondere zur Verbesserung der Funktionen zur Textverifizierung und \u00dcbersetzung eingesetzt. \u201eNutzungsdaten und Kundeninhalte k\u00f6nnen verwendet werden, um Modelle f\u00fcr k\u00fcnstliche Intelligenz oder maschinelles Lernen zu entwickeln, zu trainieren oder zu verbessern, die Teil der Produkte und Dienstleistungen des Anbieters sind, einschlie\u00dflich Komponenten Dritter des Produkts, und der Kunde autorisiert den Anbieter, seine Nutzungsdaten zu verarbeiten und.\u201c Kundeninhalte f\u00fcr solche Zwecke. Allerdings m\u00fcssen (a) Nutzungsdaten und Kundeninhalte aggregiert werden, bevor sie f\u00fcr diese Zwecke verwendet werden k\u00f6nnen, und (b) der Anbieter wird wirtschaftlich angemessene Anstrengungen im Einklang mit branchen\u00fcblicher Technologie unternehmen, um Nutzungsdaten und Kundeninhalte vor einer solchen Verwendung zu deidentifizieren . Nichts in diesem Abschnitt verringert oder beschr\u00e4nkt die Verpflichtungen des Anbieters in Bezug auf personenbezogene Daten, die gem\u00e4\u00df den geltenden Datenschutzgesetzen in Nutzungsdaten oder Kundeninhalten enthalten sein k\u00f6nnen. Aufgrund der Natur der k\u00fcnstlichen Intelligenz und des maschinellen Lernens k\u00f6nnen die durch diese Funktionen generierten Informationen falsch oder ungenau sein. Produktfunktionen, die k\u00fcnstliche Intelligenz oder Modelle des maschinellen Lernens beinhalten, sind nicht menschlich und ersetzen nicht die menschliche Aufsicht.<\/li>\n<\/ol>\n<\/li>\n\n\n\n<li><strong>Gew\u00e4hrleistung und Haftung des Anbieters<\/strong>\n<ol class=\"wp-block-list\">\n<li>Der Anbieter \u00fcbernimmt keine Gew\u00e4hr f\u00fcr die Richtigkeit, Geschwindigkeit, Vollst\u00e4ndigkeit, Zuverl\u00e4ssigkeit und Aktualit\u00e4t der bereitgestellten Dienste. Der Nutzer akzeptiert insbesondere, dass die Pr\u00fcfung von Texten auf Stil-, Rechtschreib- und Grammatikfehler unvollst\u00e4ndig ist. Der Nutzer akzeptiert auch, dass es zu Fehlalarmen kommen kann, das hei\u00dft, dass die Dienste Textpassagen, die tats\u00e4chlich richtig sind, als fehlerhaft identifizieren oder Texte, die nicht richtig sind, nicht identifizieren k\u00f6nnen.<\/li>\n<\/ol>\n<\/li>\n\n\n\n<li><strong>Benutzerverhalten<\/strong>\n<ol class=\"wp-block-list\">\n<li>Die Nutzung der Dienste des Anbieters darf nicht im Widerspruch zu diesen Gesch\u00e4ftsbedingungen stehen. Dar\u00fcber hinaus darf der Nutzer die kostenlosen Dienste nicht missbr\u00e4uchlich nutzen und hat die geltenden Gesetze sowie die Rechte Dritter zu respektieren.<\/li>\n\n\n\n<li>Verst\u00f6\u00dfe gegen diese Bedingungen und die Pflichten des Nutzers k\u00f6nnen unter anderem zu einer Schadensersatzpflicht des Nutzers f\u00fchren.<\/li>\n\n\n\n<li>Der Nutzer stellt den Anbieter von s\u00e4mtlichen Anspr\u00fcchen Dritter frei, die diese gegen den Anbieter wegen der Verletzung ihrer Rechte durch Handlungen des Nutzers geltend machen. Dar\u00fcber hinaus ist der Nutzer verpflichtet, dem Anbieter alle Sch\u00e4den und angemessenen Aufwendungen zu ersetzen, die dem Anbieter im Zusammenhang mit einer Rechtsverletzung des Nutzers, insbesondere auch aufgrund von Anspr\u00fcchen Dritter, entstehen. Hierzu z\u00e4hlen auch die Kosten einer angemessenen Rechtsverteidigung des Anbieters.<\/li>\n\n\n\n<li>Das \u00f6ffentliche Anbieten irgendeiner Version des Dienstes (z. B. Weiterverkauf) ist nicht gestattet. Der Anbieter kann in schriftlicher Form eine Ausnahme von dieser Beschr\u00e4nkung anbieten.<\/li>\n\n\n\n<li>Die Nutzung der Dienste zur Erstellung eines Konkurrenzprodukts im Bereich Stil, Grammatik, \u00dcbersetzung oder Schreibhilfe ist nicht gestattet.<\/li>\n<\/ol>\n<\/li>\n\n\n\n<li><strong>Datenschutz<\/strong>\n<ol class=\"wp-block-list\">\n<li>Der Anbieter ist sich bewusst, dass der sorgf\u00e4ltige Umgang mit den personenbezogenen Daten der Nutzer sehr wichtig ist. Der Anbieter ist stets um einen sorgf\u00e4ltigen Umgang mit personenbezogenen Daten bem\u00fcht.<\/li>\n\n\n\n<li>Die Datenschutzerkl\u00e4rung des Anbieters finden Sie unter <a href=\"https:\/\/languagetool.org\/legal\/privacy\">https:\/\/bellalingua.com\/legal\/privacy<\/a><\/li>\n<\/ol>\n<\/li>\n\n\n\n<li><strong>Allgemeine Informationen<\/strong>\n<ol class=\"wp-block-list\">\n<li>Sollten einzelne Bestimmungen der Allgemeinen Gesch\u00e4ftsbedingungen unwirksam oder undurchf\u00fchrbar sein oder werden, bleibt die G\u00fcltigkeit der Allgemeinen Gesch\u00e4ftsbedingungen hiervon unber\u00fchrt. Die ung\u00fcltige oder undurchf\u00fchrbare Bestimmung soll durch eine wirksame und durchsetzbare Bestimmung ersetzt werden, die den Allgemeinen Gesch\u00e4ftsbedingungen sowie den Allgemeinen Gesch\u00e4ftsbedingungen in vollem Umfang entspricht.<\/li>\n\n\n\n<li>Es gilt ausschlie\u00dflich das Recht des Bundesstaates Nevada, USA.<\/li>\n<\/ol>\n<\/li>\n<\/ol>","protected":false},"excerpt":{"rendered":"<p>Allgemeine Gesch\u00e4ftsbedingungen von Bella Lingua<\/p>","protected":false},"author":1,"featured_media":0,"parent":0,"menu_order":0,"comment_status":"closed","ping_status":"open","template":"","meta":{"pmpro_default_level":"","footnotes":""},"class_list":{"0":"post-2756","1":"page","2":"type-page","3":"status-publish","5":"pmpro-has-access"},"_links":{"self":[{"href":"https:\/\/bellalingua.com\/de\/wp-json\/wp\/v2\/pages\/2756","targetHints":{"allow":["GET"]}}],"collection":[{"href":"https:\/\/bellalingua.com\/de\/wp-json\/wp\/v2\/pages"}],"about":[{"href":"https:\/\/bellalingua.com\/de\/wp-json\/wp\/v2\/types\/page"}],"author":[{"embeddable":true,"href":"https:\/\/bellalingua.com\/de\/wp-json\/wp\/v2\/users\/1"}],"replies":[{"embeddable":true,"href":"https:\/\/bellalingua.com\/de\/wp-json\/wp\/v2\/comments?post=2756"}],"version-history":[{"count":1,"href":"https:\/\/bellalingua.com\/de\/wp-json\/wp\/v2\/pages\/2756\/revisions"}],"predecessor-version":[{"id":2758,"href":"https:\/\/bellalingua.com\/de\/wp-json\/wp\/v2\/pages\/2756\/revisions\/2758"}],"wp:attachment":[{"href":"https:\/\/bellalingua.com\/de\/wp-json\/wp\/v2\/media?parent=2756"}],"curies":[{"name":"wp","href":"https:\/\/api.w.org\/{rel}","templated":true}]}}